{"id":13149,"date":"2023-07-12T11:06:18","date_gmt":"2023-07-12T09:06:18","guid":{"rendered":"https:\/\/beyondvalenciatrips.com\/accessibility-statement\/"},"modified":"2023-09-18T17:59:23","modified_gmt":"2023-09-18T15:59:23","slug":"accessibility-statement","status":"publish","type":"page","link":"https:\/\/beyondvalenciatrips.com\/en\/accessibility-statement\/","title":{"rendered":"Accessibility Statement"},"content":{"rendered":"\t\t<div data-elementor-type=\"wp-page\" data-elementor-id=\"13149\" class=\"elementor elementor-13149 elementor-12437\">\n\t\t\t\t<div class=\"elementor-element elementor-element-150e3b0 e-flex e-con-boxed e-con e-parent\" data-id=\"150e3b0\" data-element_type=\"container\" data-e-type=\"container\">\n\t\t\t\t\t<div class=\"e-con-inner\">\n\t\t\t\t<div class=\"elementor-element elementor-element-ba8debb elementor-widget elementor-widget-text-editor\" data-id=\"ba8debb\" data-element_type=\"widget\" data-e-type=\"widget\" data-widget_type=\"text-editor.default\">\n\t\t\t\t<div class=\"elementor-widget-container\">\n\t\t\t\t\t\t\t\t\t<p><strong>Beyond Valencia Trips<\/strong>  is committed to making its web sites accessible, in accordance with the  <strong><a title=\"to Decree 1112\/2018\" href=\"https:\/\/www.boe.es\/buscar\/act.php?id=BOE-A-2018-12699\" target=\"_blank\" rel=\"noopener\" data-linktype=\"external\" data-val=\"https:\/\/www.boe.es\/buscar\/act.php?id=BOE-A-2018-12699\">Royal Decree 1112\/2018<\/a><\/strong>of September 7, on the accessibility of public sector websites and mobile applications, which transposes into Spanish law the  <a title=\"Directive (EU) 2016\/2102 of the European Parliament and of the Council.\" href=\"http:\/\/eur-lex.europa.eu\/legal-content\/ES\/TXT\/?uri=uriserv:OJ.L_.2016.327.01.0001.01.SPA&amp;toc=OJ:L:2016:327:FULL\" target=\"_blank\" rel=\"noopener\" data-linktype=\"external\" data-val=\"http:\/\/eur-lex.europa.eu\/legal-content\/ES\/TXT\/?uri=uriserv:OJ.L_.2016.327.01.0001.01.SPA&amp;toc=OJ:L:2016:327:FULL\">Directive (EU) 2016\/2102 of the European Parliament and of the Council.<\/a>.<\/p>\n<p>This accessibility statement applies to the <a title=\"Beyond Valencia Trips\" href=\"https:\/\/beyondvalenciatrips.com\/en\/\" data-linktype=\"external\" data-val=\"https:\/\/beyondvalenciatrips.com\/en\/\">https:\/\/beyondvalenciatrips.com<\/a> website.<\/p>\n<h3> <\/h3>\n<h3 style=\"text-transform: uppercase;\">Compliance status<\/h3>\n<p>This website is <strong>partially compl<\/strong> iant with the <a title=\"RD 1112\/2018\" href=\"https:\/\/www.boe.es\/diario_boe\/txt.php?id=BOE-A-2018-12699\" target=\"_blank\" rel=\"noopener\" data-linktype=\"external\" data-val=\"https:\/\/www.boe.es\/diario_boe\/txt.php?id=BOE-A-2018-12699\"><br \/>\n  <strong>RD 1112\/2018<\/strong><br \/>\n<\/a> due to the exceptions and non-conformity of the aspects listed below.<\/p>\n<h3> <\/h3>\n<h3 style=\"text-transform: uppercase;\">Content not accessible<\/h3>\n<p>The content below is not accessible because of the following:<\/p>\n<ol>\n<li><strong>Non-compliance with RD 1112\/2018.<\/strong>\n<ul>\n<li>Due to the automation of some of the publications there may be pages with incorrect nesting of HTML tags.<\/li>\n<\/ul>\n<\/li>\n<li><strong>Disproportionate burden<\/strong>\n<ul>\n<li>Not applicable.<\/li>\n<\/ul>\n<\/li>\n<li><strong>Content outside the scope of the applicable law<\/strong>\n<ul>\n<li>Files in PDF or other formats.<\/li>\n<li>Map services.<\/li>\n<\/ul>\n<\/li>\n<\/ol>\n<h3> <\/h3>\n<h3 style=\"text-transform: uppercase;\">Preparation of this accessibility statement<\/h3>\n<p>The present statement was prepared on June 30, 2023 and is based on the Web Accessibility Reports of the <a title=\"Accessibility Observatory\" href=\"https:\/\/administracionelectronica.gob.es\/pae_Home\/pae_Estrategias\/pae_Accesibilidad.html\" target=\"_blank\" rel=\"noopener\" data-linktype=\"external\" data-val=\"https:\/\/administracionelectronica.gob.es\/pae_Home\/pae_Estrategias\/pae_Accesibilidad.html\"><br \/>\n  <strong>Accessibility Observatory<\/strong><br \/>\n<\/a>.<\/p>\n<p>The date of the last review was June 30, 2023.<\/p>\n<h3> <\/h3>\n<h3 style=\"text-transform: uppercase;\">Remarks and contact information<\/h3>\n<p>You can make <strong>communications<\/strong> on accessibility requirements (article 10.2 of RD 1112\/2018) such as:<\/p>\n<ul>\n<li>Report any possible non-compliance by this website.<\/li>\n<li>Convey other <strong>difficulties in accessing<\/strong> the content.<\/li>\n<li>Ask any other <strong>questions or suggestions for improvement<\/strong> regarding the accessibility of the website.<\/li>\n<\/ul>\n<p>By sending an email to <a title=\"Send e-mail\" href=\"mailto:info@beyondvalenciatrips.es\">info@beyondvalenciatrips.es.<\/a><\/p>\n<p>The communications will be received and processed by Matilde S\u00e1nchez Estell\u00e9s of <a title=\"Estdio scoop\" href=\"https:\/\/www.primiciaestudio.com\" target=\"_blank\" rel=\"noopener\">Primicia Estudio<\/a>.<\/p>\n<h3> <\/h3>\n<h3 style=\"text-transform: uppercase;\">Optional content<\/h3>\n<p>This website:<\/p>\n<ul>\n<li>It has been designed adapting to the standards and regulations in force in relation to accessibility, complying with the priority 2 (AA) checkpoints defined in the Web Content Accessibility Guidelines (WCAG 2.1) specification.<\/li>\n<li>Complies with the requirements of <a title=\"opens a new window\" href=\"https:\/\/administracionelectronica.gob.es\/pae_Home\/dam\/jcr:2352eaaf-2ee8-4501-a67b-bb682c6de934\/Norma_UNE-EN_301549.pdf\" target=\"_blank\" rel=\"noopener\">UNE-EN 301549 v1.1.2:2015<\/a>, considering the exceptions of Royal Decree 1112\/2018.<\/li>\n<li>It is designed for proper display on desktop, tablet and mobile devices for a minimum resolution of <strong>1280&#215;1024<\/strong>.<\/li>\n<li>It has been made using HTML5 as markup language and CSS 3 style sheets for its design.<\/li>\n<li>It is designed for use with non-intrusive javascript offering, in case your browser does not support it, a corresponding non-javascript alternative.<\/li>\n<\/ul>\n\t\t\t\t\t\t\t\t<\/div>\n\t\t\t\t<\/div>\n\t\t\t\t\t<\/div>\n\t\t\t\t<\/div>\n\t\t\t\t<\/div>\n\t\t","protected":false},"excerpt":{"rendered":"<p>Beyond Valencia Trips is committed to making its web sites accessible, in accordance with the Royal Decree 1112\/2018of September 7, on the accessibility of public sector websites and mobile applications, which transposes into Spanish law the Directive (EU) 2016\/2102 of the European Parliament and of the Council.. This accessibility statement applies to the https:\/\/beyondvalenciatrips.com website. [&hellip;]<\/p>\n","protected":false},"author":21,"featured_media":12909,"parent":0,"menu_order":0,"comment_status":"closed","ping_status":"closed","template":"","meta":{"_glsr_average":0,"_glsr_ranking":0,"_glsr_reviews":0,"_joinchat":[],"footnotes":""},"class_list":["post-13149","page","type-page","status-publish","has-post-thumbnail","hentry"],"yoast_head":"<!-- This site is optimized with the Yoast SEO plugin v27.5 - https:\/\/yoast.com\/product\/yoast-seo-wordpress\/ -->\n<title>Accessibility Statement - Beyond Valencia Trips<\/title>\n<meta name=\"robots\" content=\"index, follow, max-snippet:-1, max-image-preview:large, max-video-preview:-1\" \/>\n<link rel=\"canonical\" href=\"https:\/\/beyondvalenciatrips.com\/declaracion-accesibilidad\/\" \/>\n<meta property=\"og:locale\" content=\"en_US\" \/>\n<meta property=\"og:type\" content=\"article\" \/>\n<meta property=\"og:title\" content=\"Accessibility Statement - Beyond Valencia Trips\" \/>\n<meta property=\"og:description\" content=\"Beyond Valencia Trips is committed to making its web sites accessible, in accordance with the Royal Decree 1112\/2018of September 7, on the accessibility of public sector websites and mobile applications, which transposes into Spanish law the Directive (EU) 2016\/2102 of the European Parliament and of the Council.. This accessibility statement applies to the https:\/\/beyondvalenciatrips.com website. [&hellip;]\" \/>\n<meta property=\"og:url\" content=\"https:\/\/beyondvalenciatrips.com\/declaracion-accesibilidad\/\" \/>\n<meta property=\"og:site_name\" content=\"Beyond Valencia Trips\" \/>\n<meta property=\"article:modified_time\" content=\"2023-09-18T15:59:23+00:00\" \/>\n<meta property=\"og:image\" content=\"https:\/\/beyondvalenciatrips.com\/wp-content\/uploads\/2023\/03\/beyond-valencia-trips.jpg\" \/>\n\t<meta property=\"og:image:width\" content=\"1800\" \/>\n\t<meta property=\"og:image:height\" content=\"800\" \/>\n\t<meta property=\"og:image:type\" content=\"image\/jpeg\" \/>\n<meta name=\"twitter:card\" content=\"summary_large_image\" \/>\n<meta name=\"twitter:label1\" content=\"Est. reading time\" \/>\n\t<meta name=\"twitter:data1\" content=\"2 minutes\" \/>\n<script type=\"application\/ld+json\" class=\"yoast-schema-graph\">{\"@context\":\"https:\\\/\\\/schema.org\",\"@graph\":[{\"@type\":\"WebPage\",\"@id\":\"https:\\\/\\\/beyondvalenciatrips.com\\\/declaracion-accesibilidad\\\/\",\"url\":\"https:\\\/\\\/beyondvalenciatrips.com\\\/declaracion-accesibilidad\\\/\",\"name\":\"Accessibility Statement - Beyond Valencia Trips\",\"isPartOf\":{\"@id\":\"https:\\\/\\\/beyondvalenciatrips.com\\\/#website\"},\"primaryImageOfPage\":{\"@id\":\"https:\\\/\\\/beyondvalenciatrips.com\\\/declaracion-accesibilidad\\\/#primaryimage\"},\"image\":{\"@id\":\"https:\\\/\\\/beyondvalenciatrips.com\\\/declaracion-accesibilidad\\\/#primaryimage\"},\"thumbnailUrl\":\"https:\\\/\\\/beyondvalenciatrips.com\\\/wp-content\\\/uploads\\\/2023\\\/03\\\/beyond-valencia-trips.jpg\",\"datePublished\":\"2023-07-12T09:06:18+00:00\",\"dateModified\":\"2023-09-18T15:59:23+00:00\",\"breadcrumb\":{\"@id\":\"https:\\\/\\\/beyondvalenciatrips.com\\\/declaracion-accesibilidad\\\/#breadcrumb\"},\"inLanguage\":\"en-US\",\"potentialAction\":[{\"@type\":\"ReadAction\",\"target\":[\"https:\\\/\\\/beyondvalenciatrips.com\\\/declaracion-accesibilidad\\\/\"]}]},{\"@type\":\"ImageObject\",\"inLanguage\":\"en-US\",\"@id\":\"https:\\\/\\\/beyondvalenciatrips.com\\\/declaracion-accesibilidad\\\/#primaryimage\",\"url\":\"https:\\\/\\\/beyondvalenciatrips.com\\\/wp-content\\\/uploads\\\/2023\\\/03\\\/beyond-valencia-trips.jpg\",\"contentUrl\":\"https:\\\/\\\/beyondvalenciatrips.com\\\/wp-content\\\/uploads\\\/2023\\\/03\\\/beyond-valencia-trips.jpg\",\"width\":1800,\"height\":800},{\"@type\":\"BreadcrumbList\",\"@id\":\"https:\\\/\\\/beyondvalenciatrips.com\\\/declaracion-accesibilidad\\\/#breadcrumb\",\"itemListElement\":[{\"@type\":\"ListItem\",\"position\":1,\"name\":\"Portada\",\"item\":\"https:\\\/\\\/beyondvalenciatrips.com\\\/en\\\/\"},{\"@type\":\"ListItem\",\"position\":2,\"name\":\"Accessibility Statement\"}]},{\"@type\":\"WebSite\",\"@id\":\"https:\\\/\\\/beyondvalenciatrips.com\\\/#website\",\"url\":\"https:\\\/\\\/beyondvalenciatrips.com\\\/\",\"name\":\"Beyond Valencia Trips\",\"description\":\"Agencia de viajes, especializada en viajes desde la ciudad de Valencia a m\u00faltiples destinos. Viajes en grupos peque\u00f1os de uno o m\u00e1s d\u00edas en funci\u00f3n del destino a conocer.\",\"publisher\":{\"@id\":\"https:\\\/\\\/beyondvalenciatrips.com\\\/#organization\"},\"potentialAction\":[{\"@type\":\"SearchAction\",\"target\":{\"@type\":\"EntryPoint\",\"urlTemplate\":\"https:\\\/\\\/beyondvalenciatrips.com\\\/?s={search_term_string}\"},\"query-input\":{\"@type\":\"PropertyValueSpecification\",\"valueRequired\":true,\"valueName\":\"search_term_string\"}}],\"inLanguage\":\"en-US\"},{\"@type\":\"Organization\",\"@id\":\"https:\\\/\\\/beyondvalenciatrips.com\\\/#organization\",\"name\":\"Beyond Valencia Trips\",\"url\":\"https:\\\/\\\/beyondvalenciatrips.com\\\/\",\"logo\":{\"@type\":\"ImageObject\",\"inLanguage\":\"en-US\",\"@id\":\"https:\\\/\\\/beyondvalenciatrips.com\\\/#\\\/schema\\\/logo\\\/image\\\/\",\"url\":\"https:\\\/\\\/placehold.co\\\/600x400\",\"contentUrl\":\"https:\\\/\\\/placehold.co\\\/600x400\",\"caption\":\"Beyond Valencia Trips\"},\"image\":{\"@id\":\"https:\\\/\\\/beyondvalenciatrips.com\\\/#\\\/schema\\\/logo\\\/image\\\/\"}}]}<\/script>\n<!-- \/ Yoast SEO plugin. -->","yoast_head_json":{"title":"Accessibility Statement - Beyond Valencia Trips","robots":{"index":"index","follow":"follow","max-snippet":"max-snippet:-1","max-image-preview":"max-image-preview:large","max-video-preview":"max-video-preview:-1"},"canonical":"https:\/\/beyondvalenciatrips.com\/declaracion-accesibilidad\/","og_locale":"en_US","og_type":"article","og_title":"Accessibility Statement - Beyond Valencia Trips","og_description":"Beyond Valencia Trips is committed to making its web sites accessible, in accordance with the Royal Decree 1112\/2018of September 7, on the accessibility of public sector websites and mobile applications, which transposes into Spanish law the Directive (EU) 2016\/2102 of the European Parliament and of the Council.. This accessibility statement applies to the https:\/\/beyondvalenciatrips.com website. [&hellip;]","og_url":"https:\/\/beyondvalenciatrips.com\/declaracion-accesibilidad\/","og_site_name":"Beyond Valencia Trips","article_modified_time":"2023-09-18T15:59:23+00:00","og_image":[{"width":1800,"height":800,"url":"https:\/\/beyondvalenciatrips.com\/wp-content\/uploads\/2023\/03\/beyond-valencia-trips.jpg","type":"image\/jpeg"}],"twitter_card":"summary_large_image","twitter_misc":{"Est. reading time":"2 minutes"},"schema":{"@context":"https:\/\/schema.org","@graph":[{"@type":"WebPage","@id":"https:\/\/beyondvalenciatrips.com\/declaracion-accesibilidad\/","url":"https:\/\/beyondvalenciatrips.com\/declaracion-accesibilidad\/","name":"Accessibility Statement - Beyond Valencia Trips","isPartOf":{"@id":"https:\/\/beyondvalenciatrips.com\/#website"},"primaryImageOfPage":{"@id":"https:\/\/beyondvalenciatrips.com\/declaracion-accesibilidad\/#primaryimage"},"image":{"@id":"https:\/\/beyondvalenciatrips.com\/declaracion-accesibilidad\/#primaryimage"},"thumbnailUrl":"https:\/\/beyondvalenciatrips.com\/wp-content\/uploads\/2023\/03\/beyond-valencia-trips.jpg","datePublished":"2023-07-12T09:06:18+00:00","dateModified":"2023-09-18T15:59:23+00:00","breadcrumb":{"@id":"https:\/\/beyondvalenciatrips.com\/declaracion-accesibilidad\/#breadcrumb"},"inLanguage":"en-US","potentialAction":[{"@type":"ReadAction","target":["https:\/\/beyondvalenciatrips.com\/declaracion-accesibilidad\/"]}]},{"@type":"ImageObject","inLanguage":"en-US","@id":"https:\/\/beyondvalenciatrips.com\/declaracion-accesibilidad\/#primaryimage","url":"https:\/\/beyondvalenciatrips.com\/wp-content\/uploads\/2023\/03\/beyond-valencia-trips.jpg","contentUrl":"https:\/\/beyondvalenciatrips.com\/wp-content\/uploads\/2023\/03\/beyond-valencia-trips.jpg","width":1800,"height":800},{"@type":"BreadcrumbList","@id":"https:\/\/beyondvalenciatrips.com\/declaracion-accesibilidad\/#breadcrumb","itemListElement":[{"@type":"ListItem","position":1,"name":"Portada","item":"https:\/\/beyondvalenciatrips.com\/en\/"},{"@type":"ListItem","position":2,"name":"Accessibility Statement"}]},{"@type":"WebSite","@id":"https:\/\/beyondvalenciatrips.com\/#website","url":"https:\/\/beyondvalenciatrips.com\/","name":"Beyond Valencia Trips","description":"Agencia de viajes, especializada en viajes desde la ciudad de Valencia a m\u00faltiples destinos. Viajes en grupos peque\u00f1os de uno o m\u00e1s d\u00edas en funci\u00f3n del destino a conocer.","publisher":{"@id":"https:\/\/beyondvalenciatrips.com\/#organization"},"potentialAction":[{"@type":"SearchAction","target":{"@type":"EntryPoint","urlTemplate":"https:\/\/beyondvalenciatrips.com\/?s={search_term_string}"},"query-input":{"@type":"PropertyValueSpecification","valueRequired":true,"valueName":"search_term_string"}}],"inLanguage":"en-US"},{"@type":"Organization","@id":"https:\/\/beyondvalenciatrips.com\/#organization","name":"Beyond Valencia Trips","url":"https:\/\/beyondvalenciatrips.com\/","logo":{"@type":"ImageObject","inLanguage":"en-US","@id":"https:\/\/beyondvalenciatrips.com\/#\/schema\/logo\/image\/","url":"https:\/\/placehold.co\/600x400","contentUrl":"https:\/\/placehold.co\/600x400","caption":"Beyond Valencia Trips"},"image":{"@id":"https:\/\/beyondvalenciatrips.com\/#\/schema\/logo\/image\/"}}]}},"_links":{"self":[{"href":"https:\/\/beyondvalenciatrips.com\/en\/wp-json\/wp\/v2\/pages\/13149","targetHints":{"allow":["GET"]}}],"collection":[{"href":"https:\/\/beyondvalenciatrips.com\/en\/wp-json\/wp\/v2\/pages"}],"about":[{"href":"https:\/\/beyondvalenciatrips.com\/en\/wp-json\/wp\/v2\/types\/page"}],"author":[{"embeddable":true,"href":"https:\/\/beyondvalenciatrips.com\/en\/wp-json\/wp\/v2\/users\/21"}],"replies":[{"embeddable":true,"href":"https:\/\/beyondvalenciatrips.com\/en\/wp-json\/wp\/v2\/comments?post=13149"}],"version-history":[{"count":0,"href":"https:\/\/beyondvalenciatrips.com\/en\/wp-json\/wp\/v2\/pages\/13149\/revisions"}],"wp:featuredmedia":[{"embeddable":true,"href":"https:\/\/beyondvalenciatrips.com\/en\/wp-json\/wp\/v2\/media\/12909"}],"wp:attachment":[{"href":"https:\/\/beyondvalenciatrips.com\/en\/wp-json\/wp\/v2\/media?parent=13149"}],"curies":[{"name":"wp","href":"https:\/\/api.w.org\/{rel}","templated":true}]}}