{"id":13174,"date":"2022-09-21T08:09:12","date_gmt":"2022-09-21T06:09:12","guid":{"rendered":"https:\/\/beyondvalenciatrips.com\/my-account\/"},"modified":"2023-09-18T18:07:24","modified_gmt":"2023-09-18T16:07:24","slug":"my-account","status":"publish","type":"page","link":"https:\/\/beyondvalenciatrips.com\/en\/my-account\/","title":{"rendered":"My account"},"content":{"rendered":"\n<p><strong><div class=\"woocommerce\"><\/div><\/strong><\/p>\n","protected":false},"excerpt":{"rendered":"","protected":false},"author":21,"featured_media":12909,"parent":0,"menu_order":0,"comment_status":"closed","ping_status":"closed","template":"template-home-modern.php","meta":{"_glsr_average":0,"_glsr_ranking":0,"_glsr_reviews":0,"_joinchat":[],"footnotes":""},"class_list":["post-13174","page","type-page","status-publish","has-post-thumbnail","hentry"],"yoast_head":"<!-- This site is optimized with the Yoast SEO plugin v27.5 - https:\/\/yoast.com\/product\/yoast-seo-wordpress\/ -->\n<title>My account - Beyond Valencia Trips<\/title>\n<meta name=\"robots\" content=\"index, follow, max-snippet:-1, max-image-preview:large, max-video-preview:-1\" \/>\n<link rel=\"canonical\" href=\"https:\/\/beyondvalenciatrips.com\/mi-cuenta\/\" \/>\n<meta property=\"og:locale\" content=\"en_US\" \/>\n<meta property=\"og:type\" content=\"article\" \/>\n<meta property=\"og:title\" content=\"My account - Beyond Valencia Trips\" \/>\n<meta property=\"og:url\" content=\"https:\/\/beyondvalenciatrips.com\/mi-cuenta\/\" \/>\n<meta property=\"og:site_name\" content=\"Beyond Valencia Trips\" \/>\n<meta property=\"article:modified_time\" content=\"2023-09-18T16:07:24+00:00\" \/>\n<meta property=\"og:image\" content=\"https:\/\/beyondvalenciatrips.com\/wp-content\/uploads\/2023\/03\/beyond-valencia-trips.jpg\" \/>\n\t<meta property=\"og:image:width\" content=\"1800\" \/>\n\t<meta property=\"og:image:height\" content=\"800\" \/>\n\t<meta property=\"og:image:type\" content=\"image\/jpeg\" \/>\n<meta name=\"twitter:card\" content=\"summary_large_image\" \/>\n<script type=\"application\/ld+json\" class=\"yoast-schema-graph\">{\"@context\":\"https:\\\/\\\/schema.org\",\"@graph\":[{\"@type\":\"WebPage\",\"@id\":\"https:\\\/\\\/beyondvalenciatrips.com\\\/mi-cuenta\\\/\",\"url\":\"https:\\\/\\\/beyondvalenciatrips.com\\\/mi-cuenta\\\/\",\"name\":\"My account - Beyond Valencia Trips\",\"isPartOf\":{\"@id\":\"https:\\\/\\\/beyondvalenciatrips.com\\\/#website\"},\"primaryImageOfPage\":{\"@id\":\"https:\\\/\\\/beyondvalenciatrips.com\\\/mi-cuenta\\\/#primaryimage\"},\"image\":{\"@id\":\"https:\\\/\\\/beyondvalenciatrips.com\\\/mi-cuenta\\\/#primaryimage\"},\"thumbnailUrl\":\"https:\\\/\\\/beyondvalenciatrips.com\\\/wp-content\\\/uploads\\\/2023\\\/03\\\/beyond-valencia-trips.jpg\",\"datePublished\":\"2022-09-21T06:09:12+00:00\",\"dateModified\":\"2023-09-18T16:07:24+00:00\",\"breadcrumb\":{\"@id\":\"https:\\\/\\\/beyondvalenciatrips.com\\\/mi-cuenta\\\/#breadcrumb\"},\"inLanguage\":\"en-US\",\"potentialAction\":[{\"@type\":\"ReadAction\",\"target\":[\"https:\\\/\\\/beyondvalenciatrips.com\\\/mi-cuenta\\\/\"]}]},{\"@type\":\"ImageObject\",\"inLanguage\":\"en-US\",\"@id\":\"https:\\\/\\\/beyondvalenciatrips.com\\\/mi-cuenta\\\/#primaryimage\",\"url\":\"https:\\\/\\\/beyondvalenciatrips.com\\\/wp-content\\\/uploads\\\/2023\\\/03\\\/beyond-valencia-trips.jpg\",\"contentUrl\":\"https:\\\/\\\/beyondvalenciatrips.com\\\/wp-content\\\/uploads\\\/2023\\\/03\\\/beyond-valencia-trips.jpg\",\"width\":1800,\"height\":800},{\"@type\":\"BreadcrumbList\",\"@id\":\"https:\\\/\\\/beyondvalenciatrips.com\\\/mi-cuenta\\\/#breadcrumb\",\"itemListElement\":[{\"@type\":\"ListItem\",\"position\":1,\"name\":\"Portada\",\"item\":\"https:\\\/\\\/beyondvalenciatrips.com\\\/en\\\/\"},{\"@type\":\"ListItem\",\"position\":2,\"name\":\"My account\"}]},{\"@type\":\"WebSite\",\"@id\":\"https:\\\/\\\/beyondvalenciatrips.com\\\/#website\",\"url\":\"https:\\\/\\\/beyondvalenciatrips.com\\\/\",\"name\":\"Beyond Valencia Trips\",\"description\":\"Agencia de viajes, especializada en viajes desde la ciudad de Valencia a m\u00faltiples destinos. Viajes en grupos peque\u00f1os de uno o m\u00e1s d\u00edas en funci\u00f3n del destino a conocer.\",\"publisher\":{\"@id\":\"https:\\\/\\\/beyondvalenciatrips.com\\\/#organization\"},\"potentialAction\":[{\"@type\":\"SearchAction\",\"target\":{\"@type\":\"EntryPoint\",\"urlTemplate\":\"https:\\\/\\\/beyondvalenciatrips.com\\\/?s={search_term_string}\"},\"query-input\":{\"@type\":\"PropertyValueSpecification\",\"valueRequired\":true,\"valueName\":\"search_term_string\"}}],\"inLanguage\":\"en-US\"},{\"@type\":\"Organization\",\"@id\":\"https:\\\/\\\/beyondvalenciatrips.com\\\/#organization\",\"name\":\"Beyond Valencia Trips\",\"url\":\"https:\\\/\\\/beyondvalenciatrips.com\\\/\",\"logo\":{\"@type\":\"ImageObject\",\"inLanguage\":\"en-US\",\"@id\":\"https:\\\/\\\/beyondvalenciatrips.com\\\/#\\\/schema\\\/logo\\\/image\\\/\",\"url\":\"https:\\\/\\\/placehold.co\\\/600x400\",\"contentUrl\":\"https:\\\/\\\/placehold.co\\\/600x400\",\"caption\":\"Beyond Valencia Trips\"},\"image\":{\"@id\":\"https:\\\/\\\/beyondvalenciatrips.com\\\/#\\\/schema\\\/logo\\\/image\\\/\"}}]}<\/script>\n<!-- \/ Yoast SEO plugin. -->","yoast_head_json":{"title":"My account - Beyond Valencia Trips","robots":{"index":"index","follow":"follow","max-snippet":"max-snippet:-1","max-image-preview":"max-image-preview:large","max-video-preview":"max-video-preview:-1"},"canonical":"https:\/\/beyondvalenciatrips.com\/mi-cuenta\/","og_locale":"en_US","og_type":"article","og_title":"My account - Beyond Valencia Trips","og_url":"https:\/\/beyondvalenciatrips.com\/mi-cuenta\/","og_site_name":"Beyond Valencia Trips","article_modified_time":"2023-09-18T16:07:24+00:00","og_image":[{"width":1800,"height":800,"url":"https:\/\/beyondvalenciatrips.com\/wp-content\/uploads\/2023\/03\/beyond-valencia-trips.jpg","type":"image\/jpeg"}],"twitter_card":"summary_large_image","schema":{"@context":"https:\/\/schema.org","@graph":[{"@type":"WebPage","@id":"https:\/\/beyondvalenciatrips.com\/mi-cuenta\/","url":"https:\/\/beyondvalenciatrips.com\/mi-cuenta\/","name":"My account - Beyond Valencia Trips","isPartOf":{"@id":"https:\/\/beyondvalenciatrips.com\/#website"},"primaryImageOfPage":{"@id":"https:\/\/beyondvalenciatrips.com\/mi-cuenta\/#primaryimage"},"image":{"@id":"https:\/\/beyondvalenciatrips.com\/mi-cuenta\/#primaryimage"},"thumbnailUrl":"https:\/\/beyondvalenciatrips.com\/wp-content\/uploads\/2023\/03\/beyond-valencia-trips.jpg","datePublished":"2022-09-21T06:09:12+00:00","dateModified":"2023-09-18T16:07:24+00:00","breadcrumb":{"@id":"https:\/\/beyondvalenciatrips.com\/mi-cuenta\/#breadcrumb"},"inLanguage":"en-US","potentialAction":[{"@type":"ReadAction","target":["https:\/\/beyondvalenciatrips.com\/mi-cuenta\/"]}]},{"@type":"ImageObject","inLanguage":"en-US","@id":"https:\/\/beyondvalenciatrips.com\/mi-cuenta\/#primaryimage","url":"https:\/\/beyondvalenciatrips.com\/wp-content\/uploads\/2023\/03\/beyond-valencia-trips.jpg","contentUrl":"https:\/\/beyondvalenciatrips.com\/wp-content\/uploads\/2023\/03\/beyond-valencia-trips.jpg","width":1800,"height":800},{"@type":"BreadcrumbList","@id":"https:\/\/beyondvalenciatrips.com\/mi-cuenta\/#breadcrumb","itemListElement":[{"@type":"ListItem","position":1,"name":"Portada","item":"https:\/\/beyondvalenciatrips.com\/en\/"},{"@type":"ListItem","position":2,"name":"My account"}]},{"@type":"WebSite","@id":"https:\/\/beyondvalenciatrips.com\/#website","url":"https:\/\/beyondvalenciatrips.com\/","name":"Beyond Valencia Trips","description":"Agencia de viajes, especializada en viajes desde la ciudad de Valencia a m\u00faltiples destinos. Viajes en grupos peque\u00f1os de uno o m\u00e1s d\u00edas en funci\u00f3n del destino a conocer.","publisher":{"@id":"https:\/\/beyondvalenciatrips.com\/#organization"},"potentialAction":[{"@type":"SearchAction","target":{"@type":"EntryPoint","urlTemplate":"https:\/\/beyondvalenciatrips.com\/?s={search_term_string}"},"query-input":{"@type":"PropertyValueSpecification","valueRequired":true,"valueName":"search_term_string"}}],"inLanguage":"en-US"},{"@type":"Organization","@id":"https:\/\/beyondvalenciatrips.com\/#organization","name":"Beyond Valencia Trips","url":"https:\/\/beyondvalenciatrips.com\/","logo":{"@type":"ImageObject","inLanguage":"en-US","@id":"https:\/\/beyondvalenciatrips.com\/#\/schema\/logo\/image\/","url":"https:\/\/placehold.co\/600x400","contentUrl":"https:\/\/placehold.co\/600x400","caption":"Beyond Valencia Trips"},"image":{"@id":"https:\/\/beyondvalenciatrips.com\/#\/schema\/logo\/image\/"}}]}},"_links":{"self":[{"href":"https:\/\/beyondvalenciatrips.com\/en\/wp-json\/wp\/v2\/pages\/13174","targetHints":{"allow":["GET"]}}],"collection":[{"href":"https:\/\/beyondvalenciatrips.com\/en\/wp-json\/wp\/v2\/pages"}],"about":[{"href":"https:\/\/beyondvalenciatrips.com\/en\/wp-json\/wp\/v2\/types\/page"}],"author":[{"embeddable":true,"href":"https:\/\/beyondvalenciatrips.com\/en\/wp-json\/wp\/v2\/users\/21"}],"replies":[{"embeddable":true,"href":"https:\/\/beyondvalenciatrips.com\/en\/wp-json\/wp\/v2\/comments?post=13174"}],"version-history":[{"count":0,"href":"https:\/\/beyondvalenciatrips.com\/en\/wp-json\/wp\/v2\/pages\/13174\/revisions"}],"wp:featuredmedia":[{"embeddable":true,"href":"https:\/\/beyondvalenciatrips.com\/en\/wp-json\/wp\/v2\/media\/12909"}],"wp:attachment":[{"href":"https:\/\/beyondvalenciatrips.com\/en\/wp-json\/wp\/v2\/media?parent=13174"}],"curies":[{"name":"wp","href":"https:\/\/api.w.org\/{rel}","templated":true}]}}