{"id":13214,"date":"2023-07-31T22:15:26","date_gmt":"2023-07-31T20:15:26","guid":{"rendered":"https:\/\/beyondvalenciatrips.com\/private-tours\/"},"modified":"2026-01-28T13:53:58","modified_gmt":"2026-01-28T11:53:58","slug":"private-trips","status":"publish","type":"page","link":"https:\/\/beyondvalenciatrips.com\/en\/private-trips\/","title":{"rendered":"Private Tours"},"content":{"rendered":"\t\t<div data-elementor-type=\"wp-page\" data-elementor-id=\"13214\" class=\"elementor elementor-13214 elementor-12612\">\n\t\t\t\t<div class=\"elementor-element elementor-element-79d53be e-flex e-con-boxed e-con e-parent\" data-id=\"79d53be\" data-element_type=\"container\" data-e-type=\"container\">\n\t\t\t\t\t<div class=\"e-con-inner\">\n\t\t<div class=\"elementor-element elementor-element-369abc1 e-flex e-con-boxed e-con e-child\" data-id=\"369abc1\" data-element_type=\"container\" data-e-type=\"container\">\n\t\t\t\t\t<div class=\"e-con-inner\">\n\t\t\t\t<div class=\"elementor-element elementor-element-15120a5 elementor-widget elementor-widget-heading\" data-id=\"15120a5\" data-element_type=\"widget\" data-e-type=\"widget\" data-widget_type=\"heading.default\">\n\t\t\t\t<div class=\"elementor-widget-container\">\n\t\t\t\t\t<h2 class=\"elementor-heading-title elementor-size-default\">Private trips and excursions from Valencia<\/h2>\t\t\t\t<\/div>\n\t\t\t\t<\/div>\n\t\t\t\t<div class=\"elementor-element elementor-element-9351116 elementor-widget elementor-widget-text-editor\" data-id=\"9351116\" data-element_type=\"widget\" data-e-type=\"widget\" data-widget_type=\"text-editor.default\">\n\t\t\t\t<div class=\"elementor-widget-container\">\n\t\t\t\t\t\t\t\t\t<p style=\"border: 0px solid #d9d9e3; --tw-border-spacing-x: 0; --tw-border-spacing-y: 0; --tw-translate-x: 0; --tw-translate-y: 0; --tw-rotate: 0; --tw-skew-x: 0; --tw-skew-y: 0; --tw-scale-x: 1; --tw-scale-y: 1; --tw-scroll-snap-strictness: proximity; --tw-ring-offset-width: 0px; --tw-ring-offset-color: #fff; --tw-ring-color: rgba(69,89,164,.5); --tw-ring-offset-shadow: 0 0 transparent; --tw-ring-shadow: 0 0 transparent; --tw-shadow: 0 0 transparent; --tw-shadow-colored: 0 0 transparent; margin-bottom: 1.25em; color: #374151; font-family: S\u00f6hne, ui-sans-serif, system-ui, -apple-system, 'Segoe UI', Roboto, Ubuntu, Cantarell, 'Noto Sans', sans-serif, 'Helvetica Neue', Arial, 'Apple Color Emoji', 'Segoe UI Emoji', 'Segoe UI Symbol', 'Noto Color Emoji'; white-space-collapse: preserve; text-align: center;\">If you prefer a trip for your group, whether it&#8217;s with a partner, family, friends, colleagues, or even just for yourself, here you can explore potential destinations and activities. As private journeys, they are entirely customizable, allowing flexibility in choosing destinations, activities, accommodation types, and duration.<\/p><p style=\"border: 0px solid #d9d9e3; --tw-border-spacing-x: 0; --tw-border-spacing-y: 0; --tw-translate-x: 0; --tw-translate-y: 0; --tw-rotate: 0; --tw-skew-x: 0; --tw-skew-y: 0; --tw-scale-x: 1; --tw-scale-y: 1; --tw-scroll-snap-strictness: proximity; --tw-ring-offset-width: 0px; --tw-ring-offset-color: #fff; --tw-ring-color: rgba(69,89,164,.5); --tw-ring-offset-shadow: 0 0 transparent; --tw-ring-shadow: 0 0 transparent; --tw-shadow: 0 0 transparent; --tw-shadow-colored: 0 0 transparent; margin-top: 1.25em; margin-bottom: 1.25em; color: #374151; font-family: S\u00f6hne, ui-sans-serif, system-ui, -apple-system, 'Segoe UI', Roboto, Ubuntu, Cantarell, 'Noto Sans', sans-serif, 'Helvetica Neue', Arial, 'Apple Color Emoji', 'Segoe UI Emoji', 'Segoe UI Symbol', 'Noto Color Emoji'; white-space-collapse: preserve; text-align: center;\">So, if you have another destination in mind, share all the details with us in the form, enabling us to tailor your trip accordingly.<\/p><p style=\"border: 0px solid #d9d9e3; --tw-border-spacing-x: 0; --tw-border-spacing-y: 0; --tw-translate-x: 0; --tw-translate-y: 0; --tw-rotate: 0; --tw-skew-x: 0; --tw-skew-y: 0; --tw-scale-x: 1; --tw-scale-y: 1; --tw-scroll-snap-strictness: proximity; --tw-ring-offset-width: 0px; --tw-ring-offset-color: #fff; --tw-ring-color: rgba(69,89,164,.5); --tw-ring-offset-shadow: 0 0 transparent; --tw-ring-shadow: 0 0 transparent; --tw-shadow: 0 0 transparent; --tw-shadow-colored: 0 0 transparent; margin-top: 1.25em; margin-bottom: 1.25em; color: #374151; font-family: S\u00f6hne, ui-sans-serif, system-ui, -apple-system, 'Segoe UI', Roboto, Ubuntu, Cantarell, 'Noto Sans', sans-serif, 'Helvetica Neue', Arial, 'Apple Color Emoji', 'Segoe UI Emoji', 'Segoe UI Symbol', 'Noto Color Emoji'; white-space-collapse: preserve; text-align: center;\">Following that, you&#8217;ll find a list of all the private excursions and trips available from Valencia at the moment.<\/p><p style=\"border: 0px solid #d9d9e3; --tw-border-spacing-x: 0; --tw-border-spacing-y: 0; --tw-translate-x: 0; --tw-translate-y: 0; --tw-rotate: 0; --tw-skew-x: 0; --tw-skew-y: 0; --tw-scale-x: 1; --tw-scale-y: 1; --tw-scroll-snap-strictness: proximity; --tw-ring-offset-width: 0px; --tw-ring-offset-color: #fff; --tw-ring-color: rgba(69,89,164,.5); --tw-ring-offset-shadow: 0 0 transparent; --tw-ring-shadow: 0 0 transparent; --tw-shadow: 0 0 transparent; --tw-shadow-colored: 0 0 transparent; margin-top: 1.25em; margin-bottom: 0px; color: #374151; font-family: S\u00f6hne, ui-sans-serif, system-ui, -apple-system, 'Segoe UI', Roboto, Ubuntu, Cantarell, 'Noto Sans', sans-serif, 'Helvetica Neue', Arial, 'Apple Color Emoji', 'Segoe UI Emoji', 'Segoe UI Symbol', 'Noto Color Emoji'; white-space-collapse: preserve; text-align: center;\"><strong>Secure your spot now and get ready to embark on the most authentic experiences with Beyond Valencia Trips.<\/strong><\/p>\t\t\t\t\t\t\t\t<\/div>\n\t\t\t\t<\/div>\n\t\t\t\t\t<\/div>\n\t\t\t\t<\/div>\n\t\t\t\t\t<\/div>\n\t\t\t\t<\/div>\n\t\t<div class=\"elementor-element elementor-element-ac57f1e e-flex e-con-boxed e-con e-parent\" data-id=\"ac57f1e\" data-element_type=\"container\" data-e-type=\"container\">\n\t\t\t\t\t<div class=\"e-con-inner\">\n\t\t\t\t<div class=\"elementor-element elementor-element-e1da5df elementor-widget elementor-widget-text-editor\" data-id=\"e1da5df\" data-element_type=\"widget\" data-e-type=\"widget\" data-widget_type=\"text-editor.default\">\n\t\t\t\t<div class=\"elementor-widget-container\">\n\t\t\t\t\t\t\t\t\t<h2 style=\"font-weight: bold; line-height: 46px; font-size: 36px; color: #1a2b48; font-family: 'DM Sans', sans-serif; text-align: center;\" data-elementor-setting-key=\"title\" data-pen-placeholder=\"Teclea aqu\u00ed...\">Private trips\u00a0<\/h2>\t\t\t\t\t\t\t\t<\/div>\n\t\t\t\t<\/div>\n\t\t\t\t<div class=\"elementor-element elementor-element-041da97 elementor-widget elementor-widget-st_list_service\" data-id=\"041da97\" data-element_type=\"widget\" data-e-type=\"widget\" data-settings=\"{&quot;order&quot;:&quot;DESC&quot;,&quot;orderby&quot;:&quot;date&quot;,&quot;type_form&quot;:&quot;single&quot;,&quot;item_row&quot;:&quot;3&quot;}\" data-widget_type=\"st_list_service.default\">\n\t\t\t\t<div class=\"elementor-widget-container\">\n\t\t\t\t\t<div class=\"st-list-service grid style_1\"\r\n     >\r\n    <div class=\"map-content-loading\">\r\n    <div class=\"st-loader\"><\/div>\r\n<\/div>        <div class=\"multi-service-wrapper\">\r\n        <div class=\"tab-content st_tours\"><div class=\"service-list-wrapper row\"><\/div><\/div>\r\n    <\/div>\r\n<\/div>\r\n\t\t\t\t<\/div>\n\t\t\t\t<\/div>\n\t\t\t\t\t<\/div>\n\t\t\t\t<\/div>\n\t\t\t\t<\/div>\n\t\t","protected":false},"excerpt":{"rendered":"<p>Private trips and excursions from Valencia If you prefer a trip for your group, whether it&#8217;s with a partner, family, friends, colleagues, or even just for yourself, here you can explore potential destinations and activities. As private journeys, they are entirely customizable, allowing flexibility in choosing destinations, activities, accommodation types, and duration. So, if you [&hellip;]<\/p>\n","protected":false},"author":21,"featured_media":12904,"parent":0,"menu_order":0,"comment_status":"closed","ping_status":"closed","template":"","meta":{"_glsr_average":0,"_glsr_ranking":0,"_glsr_reviews":0,"_joinchat":[],"footnotes":""},"class_list":["post-13214","page","type-page","status-publish","has-post-thumbnail","hentry"],"yoast_head":"<!-- This site is optimized with the Yoast SEO plugin v27.5 - https:\/\/yoast.com\/product\/yoast-seo-wordpress\/ -->\n<title>Private Tours - Beyond Valencia Trips<\/title>\n<meta name=\"robots\" content=\"index, follow, max-snippet:-1, max-image-preview:large, max-video-preview:-1\" \/>\n<link rel=\"canonical\" href=\"https:\/\/beyondvalenciatrips.com\/en\/private-trips\/\" \/>\n<meta property=\"og:locale\" content=\"en_US\" \/>\n<meta property=\"og:type\" content=\"article\" \/>\n<meta property=\"og:title\" content=\"Private Tours - Beyond Valencia Trips\" \/>\n<meta property=\"og:description\" content=\"Private trips and excursions from Valencia If you prefer a trip for your group, whether it&#8217;s with a partner, family, friends, colleagues, or even just for yourself, here you can explore potential destinations and activities. As private journeys, they are entirely customizable, allowing flexibility in choosing destinations, activities, accommodation types, and duration. So, if you [&hellip;]\" \/>\n<meta property=\"og:url\" content=\"https:\/\/beyondvalenciatrips.com\/en\/private-trips\/\" \/>\n<meta property=\"og:site_name\" content=\"Beyond Valencia Trips\" \/>\n<meta property=\"article:modified_time\" content=\"2026-01-28T11:53:58+00:00\" \/>\n<meta property=\"og:image\" content=\"https:\/\/beyondvalenciatrips.com\/wp-content\/uploads\/2022\/12\/sunset.jpg\" \/>\n\t<meta property=\"og:image:width\" content=\"900\" \/>\n\t<meta property=\"og:image:height\" content=\"600\" \/>\n\t<meta property=\"og:image:type\" content=\"image\/jpeg\" \/>\n<meta name=\"twitter:card\" content=\"summary_large_image\" \/>\n<meta name=\"twitter:label1\" content=\"Est. reading time\" \/>\n\t<meta name=\"twitter:data1\" content=\"1 minute\" \/>\n<script type=\"application\/ld+json\" class=\"yoast-schema-graph\">{\"@context\":\"https:\\\/\\\/schema.org\",\"@graph\":[{\"@type\":\"WebPage\",\"@id\":\"https:\\\/\\\/beyondvalenciatrips.com\\\/en\\\/private-trips\\\/\",\"url\":\"https:\\\/\\\/beyondvalenciatrips.com\\\/en\\\/private-trips\\\/\",\"name\":\"Private Tours - Beyond Valencia Trips\",\"isPartOf\":{\"@id\":\"https:\\\/\\\/beyondvalenciatrips.com\\\/#website\"},\"primaryImageOfPage\":{\"@id\":\"https:\\\/\\\/beyondvalenciatrips.com\\\/en\\\/private-trips\\\/#primaryimage\"},\"image\":{\"@id\":\"https:\\\/\\\/beyondvalenciatrips.com\\\/en\\\/private-trips\\\/#primaryimage\"},\"thumbnailUrl\":\"https:\\\/\\\/beyondvalenciatrips.com\\\/wp-content\\\/uploads\\\/2022\\\/12\\\/sunset.jpg\",\"datePublished\":\"2023-07-31T20:15:26+00:00\",\"dateModified\":\"2026-01-28T11:53:58+00:00\",\"breadcrumb\":{\"@id\":\"https:\\\/\\\/beyondvalenciatrips.com\\\/en\\\/private-trips\\\/#breadcrumb\"},\"inLanguage\":\"en-US\",\"potentialAction\":[{\"@type\":\"ReadAction\",\"target\":[\"https:\\\/\\\/beyondvalenciatrips.com\\\/en\\\/private-trips\\\/\"]}]},{\"@type\":\"ImageObject\",\"inLanguage\":\"en-US\",\"@id\":\"https:\\\/\\\/beyondvalenciatrips.com\\\/en\\\/private-trips\\\/#primaryimage\",\"url\":\"https:\\\/\\\/beyondvalenciatrips.com\\\/wp-content\\\/uploads\\\/2022\\\/12\\\/sunset.jpg\",\"contentUrl\":\"https:\\\/\\\/beyondvalenciatrips.com\\\/wp-content\\\/uploads\\\/2022\\\/12\\\/sunset.jpg\",\"width\":900,\"height\":600},{\"@type\":\"BreadcrumbList\",\"@id\":\"https:\\\/\\\/beyondvalenciatrips.com\\\/en\\\/private-trips\\\/#breadcrumb\",\"itemListElement\":[{\"@type\":\"ListItem\",\"position\":1,\"name\":\"Portada\",\"item\":\"https:\\\/\\\/beyondvalenciatrips.com\\\/en\\\/\"},{\"@type\":\"ListItem\",\"position\":2,\"name\":\"Private Tours\"}]},{\"@type\":\"WebSite\",\"@id\":\"https:\\\/\\\/beyondvalenciatrips.com\\\/#website\",\"url\":\"https:\\\/\\\/beyondvalenciatrips.com\\\/\",\"name\":\"Beyond Valencia Trips\",\"description\":\"Agencia de viajes, especializada en viajes desde la ciudad de Valencia a m\u00faltiples destinos. Viajes en grupos peque\u00f1os de uno o m\u00e1s d\u00edas en funci\u00f3n del destino a conocer.\",\"publisher\":{\"@id\":\"https:\\\/\\\/beyondvalenciatrips.com\\\/#organization\"},\"potentialAction\":[{\"@type\":\"SearchAction\",\"target\":{\"@type\":\"EntryPoint\",\"urlTemplate\":\"https:\\\/\\\/beyondvalenciatrips.com\\\/?s={search_term_string}\"},\"query-input\":{\"@type\":\"PropertyValueSpecification\",\"valueRequired\":true,\"valueName\":\"search_term_string\"}}],\"inLanguage\":\"en-US\"},{\"@type\":\"Organization\",\"@id\":\"https:\\\/\\\/beyondvalenciatrips.com\\\/#organization\",\"name\":\"Beyond Valencia Trips\",\"url\":\"https:\\\/\\\/beyondvalenciatrips.com\\\/\",\"logo\":{\"@type\":\"ImageObject\",\"inLanguage\":\"en-US\",\"@id\":\"https:\\\/\\\/beyondvalenciatrips.com\\\/#\\\/schema\\\/logo\\\/image\\\/\",\"url\":\"https:\\\/\\\/placehold.co\\\/600x400\",\"contentUrl\":\"https:\\\/\\\/placehold.co\\\/600x400\",\"caption\":\"Beyond Valencia Trips\"},\"image\":{\"@id\":\"https:\\\/\\\/beyondvalenciatrips.com\\\/#\\\/schema\\\/logo\\\/image\\\/\"}}]}<\/script>\n<!-- \/ Yoast SEO plugin. -->","yoast_head_json":{"title":"Private Tours - Beyond Valencia Trips","robots":{"index":"index","follow":"follow","max-snippet":"max-snippet:-1","max-image-preview":"max-image-preview:large","max-video-preview":"max-video-preview:-1"},"canonical":"https:\/\/beyondvalenciatrips.com\/en\/private-trips\/","og_locale":"en_US","og_type":"article","og_title":"Private Tours - Beyond Valencia Trips","og_description":"Private trips and excursions from Valencia If you prefer a trip for your group, whether it&#8217;s with a partner, family, friends, colleagues, or even just for yourself, here you can explore potential destinations and activities. As private journeys, they are entirely customizable, allowing flexibility in choosing destinations, activities, accommodation types, and duration. So, if you [&hellip;]","og_url":"https:\/\/beyondvalenciatrips.com\/en\/private-trips\/","og_site_name":"Beyond Valencia Trips","article_modified_time":"2026-01-28T11:53:58+00:00","og_image":[{"width":900,"height":600,"url":"https:\/\/beyondvalenciatrips.com\/wp-content\/uploads\/2022\/12\/sunset.jpg","type":"image\/jpeg"}],"twitter_card":"summary_large_image","twitter_misc":{"Est. reading time":"1 minute"},"schema":{"@context":"https:\/\/schema.org","@graph":[{"@type":"WebPage","@id":"https:\/\/beyondvalenciatrips.com\/en\/private-trips\/","url":"https:\/\/beyondvalenciatrips.com\/en\/private-trips\/","name":"Private Tours - Beyond Valencia Trips","isPartOf":{"@id":"https:\/\/beyondvalenciatrips.com\/#website"},"primaryImageOfPage":{"@id":"https:\/\/beyondvalenciatrips.com\/en\/private-trips\/#primaryimage"},"image":{"@id":"https:\/\/beyondvalenciatrips.com\/en\/private-trips\/#primaryimage"},"thumbnailUrl":"https:\/\/beyondvalenciatrips.com\/wp-content\/uploads\/2022\/12\/sunset.jpg","datePublished":"2023-07-31T20:15:26+00:00","dateModified":"2026-01-28T11:53:58+00:00","breadcrumb":{"@id":"https:\/\/beyondvalenciatrips.com\/en\/private-trips\/#breadcrumb"},"inLanguage":"en-US","potentialAction":[{"@type":"ReadAction","target":["https:\/\/beyondvalenciatrips.com\/en\/private-trips\/"]}]},{"@type":"ImageObject","inLanguage":"en-US","@id":"https:\/\/beyondvalenciatrips.com\/en\/private-trips\/#primaryimage","url":"https:\/\/beyondvalenciatrips.com\/wp-content\/uploads\/2022\/12\/sunset.jpg","contentUrl":"https:\/\/beyondvalenciatrips.com\/wp-content\/uploads\/2022\/12\/sunset.jpg","width":900,"height":600},{"@type":"BreadcrumbList","@id":"https:\/\/beyondvalenciatrips.com\/en\/private-trips\/#breadcrumb","itemListElement":[{"@type":"ListItem","position":1,"name":"Portada","item":"https:\/\/beyondvalenciatrips.com\/en\/"},{"@type":"ListItem","position":2,"name":"Private Tours"}]},{"@type":"WebSite","@id":"https:\/\/beyondvalenciatrips.com\/#website","url":"https:\/\/beyondvalenciatrips.com\/","name":"Beyond Valencia Trips","description":"Agencia de viajes, especializada en viajes desde la ciudad de Valencia a m\u00faltiples destinos. Viajes en grupos peque\u00f1os de uno o m\u00e1s d\u00edas en funci\u00f3n del destino a conocer.","publisher":{"@id":"https:\/\/beyondvalenciatrips.com\/#organization"},"potentialAction":[{"@type":"SearchAction","target":{"@type":"EntryPoint","urlTemplate":"https:\/\/beyondvalenciatrips.com\/?s={search_term_string}"},"query-input":{"@type":"PropertyValueSpecification","valueRequired":true,"valueName":"search_term_string"}}],"inLanguage":"en-US"},{"@type":"Organization","@id":"https:\/\/beyondvalenciatrips.com\/#organization","name":"Beyond Valencia Trips","url":"https:\/\/beyondvalenciatrips.com\/","logo":{"@type":"ImageObject","inLanguage":"en-US","@id":"https:\/\/beyondvalenciatrips.com\/#\/schema\/logo\/image\/","url":"https:\/\/placehold.co\/600x400","contentUrl":"https:\/\/placehold.co\/600x400","caption":"Beyond Valencia Trips"},"image":{"@id":"https:\/\/beyondvalenciatrips.com\/#\/schema\/logo\/image\/"}}]}},"_links":{"self":[{"href":"https:\/\/beyondvalenciatrips.com\/en\/wp-json\/wp\/v2\/pages\/13214","targetHints":{"allow":["GET"]}}],"collection":[{"href":"https:\/\/beyondvalenciatrips.com\/en\/wp-json\/wp\/v2\/pages"}],"about":[{"href":"https:\/\/beyondvalenciatrips.com\/en\/wp-json\/wp\/v2\/types\/page"}],"author":[{"embeddable":true,"href":"https:\/\/beyondvalenciatrips.com\/en\/wp-json\/wp\/v2\/users\/21"}],"replies":[{"embeddable":true,"href":"https:\/\/beyondvalenciatrips.com\/en\/wp-json\/wp\/v2\/comments?post=13214"}],"version-history":[{"count":1,"href":"https:\/\/beyondvalenciatrips.com\/en\/wp-json\/wp\/v2\/pages\/13214\/revisions"}],"predecessor-version":[{"id":14854,"href":"https:\/\/beyondvalenciatrips.com\/en\/wp-json\/wp\/v2\/pages\/13214\/revisions\/14854"}],"wp:featuredmedia":[{"embeddable":true,"href":"https:\/\/beyondvalenciatrips.com\/en\/wp-json\/wp\/v2\/media\/12904"}],"wp:attachment":[{"href":"https:\/\/beyondvalenciatrips.com\/en\/wp-json\/wp\/v2\/media?parent=13214"}],"curies":[{"name":"wp","href":"https:\/\/api.w.org\/{rel}","templated":true}]}}